{"id":362,"date":"2026-02-21T15:16:44","date_gmt":"2026-02-21T18:16:44","guid":{"rendered":"https:\/\/imovesports.com.br\/?page_id=362"},"modified":"2026-02-21T16:09:49","modified_gmt":"2026-02-21T19:09:49","slug":"prorunner360","status":"publish","type":"page","link":"https:\/\/imovesports.com.br\/index.php\/prorunner360\/","title":{"rendered":"PRORUNNER360"},"content":{"rendered":"\t\t<div data-elementor-type=\"wp-page\" data-elementor-id=\"362\" class=\"elementor elementor-362\" data-elementor-post-type=\"page\">\n\t\t\t\t\t\t<section class=\"elementor-section elementor-top-section elementor-element elementor-element-3611ad0 elementor-reverse-mobile elementor-section-boxed elementor-section-height-default elementor-section-height-default\" data-id=\"3611ad0\" data-element_type=\"section\" data-e-type=\"section\" data-settings=\"{&quot;background_background&quot;:&quot;classic&quot;}\">\n\t\t\t\t\t\t<div class=\"elementor-container elementor-column-gap-default\">\n\t\t\t\t\t<div class=\"elementor-column elementor-col-100 elementor-top-column elementor-element elementor-element-f791bf9\" data-id=\"f791bf9\" data-element_type=\"column\" data-e-type=\"column\">\n\t\t\t<div class=\"elementor-widget-wrap elementor-element-populated\">\n\t\t\t\t\t\t<div class=\"elementor-element elementor-element-24f06f1 elementor-widget elementor-widget-text-editor\" data-id=\"24f06f1\" data-element_type=\"widget\" data-e-type=\"widget\" data-widget_type=\"text-editor.default\">\n\t\t\t\t<div class=\"elementor-widget-container\">\n\t\t\t\t\t\t\t\t\t<p>Avalia\u00e7\u00e3o PRO RUNNER 360\u00ba<\/p>\n<p>O QUE \u00c9 MEDIDO, PODEMOS MELHORAR!<br><\/p>\t\t\t\t\t\t\t\t<\/div>\n\t\t\t\t<\/div>\n\t\t\t\t<div class=\"elementor-element elementor-element-7951986 elementor-widget elementor-widget-video\" data-id=\"7951986\" data-element_type=\"widget\" data-e-type=\"widget\" data-settings=\"{&quot;youtube_url&quot;:&quot;https:\\\/\\\/youtu.be\\\/z-pCkW1d_dM&quot;,&quot;video_type&quot;:&quot;youtube&quot;,&quot;controls&quot;:&quot;yes&quot;}\" data-widget_type=\"video.default\">\n\t\t\t\t<div class=\"elementor-widget-container\">\n\t\t\t\t\t\t\t<div class=\"elementor-wrapper elementor-open-inline\">\n\t\t\t<div class=\"elementor-video\"><\/div>\t\t<\/div>\n\t\t\t\t\t\t<\/div>\n\t\t\t\t<\/div>\n\t\t\t\t\t<\/div>\n\t\t<\/div>\n\t\t\t\t\t<\/div>\n\t\t<\/section>\n\t\t\t\t<section class=\"elementor-section elementor-top-section elementor-element elementor-element-c1de7a9 elementor-section-boxed elementor-section-height-default elementor-section-height-default\" data-id=\"c1de7a9\" data-element_type=\"section\" data-e-type=\"section\" data-settings=\"{&quot;background_background&quot;:&quot;classic&quot;}\">\n\t\t\t\t\t\t<div class=\"elementor-container elementor-column-gap-default\">\n\t\t\t\t\t<div class=\"elementor-column elementor-col-100 elementor-top-column elementor-element elementor-element-36166b0\" data-id=\"36166b0\" data-element_type=\"column\" data-e-type=\"column\">\n\t\t\t<div class=\"elementor-widget-wrap elementor-element-populated\">\n\t\t\t\t\t\t<div class=\"elementor-element elementor-element-ac75aee elementor-align-center elementor-mobile-align-center elementor-widget elementor-widget-button\" data-id=\"ac75aee\" data-element_type=\"widget\" data-e-type=\"widget\" data-widget_type=\"button.default\">\n\t\t\t\t<div class=\"elementor-widget-container\">\n\t\t\t\t\t\t\t\t\t<div class=\"elementor-button-wrapper\">\n\t\t\t\t\t<a class=\"elementor-button elementor-button-link elementor-size-sm\" href=\"https:\/\/wa.me\/55519989046976\">\n\t\t\t\t\t\t<span class=\"elementor-button-content-wrapper\">\n\t\t\t\t\t\t\t\t\t<span class=\"elementor-button-text\">AGENDAR MINHA AVALIA\u00c7\u00c3O<\/span>\n\t\t\t\t\t<\/span>\n\t\t\t\t\t<\/a>\n\t\t\t\t<\/div>\n\t\t\t\t\t\t\t\t<\/div>\n\t\t\t\t<\/div>\n\t\t\t\t<div class=\"elementor-element elementor-element-f3c95b0 elementor-widget elementor-widget-image\" data-id=\"f3c95b0\" data-element_type=\"widget\" data-e-type=\"widget\" data-widget_type=\"image.default\">\n\t\t\t\t<div class=\"elementor-widget-container\">\n\t\t\t\t\t\t\t\t\t\t\t\t\t\t\t<img fetchpriority=\"high\" decoding=\"async\" width=\"2560\" height=\"1238\" src=\"https:\/\/imovesports.com.br\/wp-content\/uploads\/2026\/02\/Generated-Image-February-21-2026-3_51PM-scaled.jpeg\" class=\"attachment-full size-full wp-image-370\" alt=\"\" srcset=\"https:\/\/imovesports.com.br\/wp-content\/uploads\/2026\/02\/Generated-Image-February-21-2026-3_51PM-scaled.jpeg 2560w, https:\/\/imovesports.com.br\/wp-content\/uploads\/2026\/02\/Generated-Image-February-21-2026-3_51PM-300x145.jpeg 300w, https:\/\/imovesports.com.br\/wp-content\/uploads\/2026\/02\/Generated-Image-February-21-2026-3_51PM-1024x495.jpeg 1024w, https:\/\/imovesports.com.br\/wp-content\/uploads\/2026\/02\/Generated-Image-February-21-2026-3_51PM-768x371.jpeg 768w, https:\/\/imovesports.com.br\/wp-content\/uploads\/2026\/02\/Generated-Image-February-21-2026-3_51PM-1536x743.jpeg 1536w, https:\/\/imovesports.com.br\/wp-content\/uploads\/2026\/02\/Generated-Image-February-21-2026-3_51PM-2048x990.jpeg 2048w\" sizes=\"(max-width: 2560px) 100vw, 2560px\" \/>\t\t\t\t\t\t\t\t\t\t\t\t\t\t\t<\/div>\n\t\t\t\t<\/div>\n\t\t\t\t<div class=\"elementor-element elementor-element-f9348df elementor-widget elementor-widget-image\" data-id=\"f9348df\" data-element_type=\"widget\" data-e-type=\"widget\" data-widget_type=\"image.default\">\n\t\t\t\t<div class=\"elementor-widget-container\">\n\t\t\t\t\t\t\t\t\t\t\t\t\t\t\t<img decoding=\"async\" width=\"2560\" height=\"1429\" src=\"https:\/\/imovesports.com.br\/wp-content\/uploads\/2026\/02\/Generated-Image-February-21-2026-3_31PM-scaled.jpeg\" class=\"attachment-full size-full wp-image-365\" alt=\"\" srcset=\"https:\/\/imovesports.com.br\/wp-content\/uploads\/2026\/02\/Generated-Image-February-21-2026-3_31PM-scaled.jpeg 2560w, https:\/\/imovesports.com.br\/wp-content\/uploads\/2026\/02\/Generated-Image-February-21-2026-3_31PM-300x167.jpeg 300w, https:\/\/imovesports.com.br\/wp-content\/uploads\/2026\/02\/Generated-Image-February-21-2026-3_31PM-1024x572.jpeg 1024w, https:\/\/imovesports.com.br\/wp-content\/uploads\/2026\/02\/Generated-Image-February-21-2026-3_31PM-768x429.jpeg 768w, https:\/\/imovesports.com.br\/wp-content\/uploads\/2026\/02\/Generated-Image-February-21-2026-3_31PM-1536x857.jpeg 1536w, https:\/\/imovesports.com.br\/wp-content\/uploads\/2026\/02\/Generated-Image-February-21-2026-3_31PM-2048x1143.jpeg 2048w\" sizes=\"(max-width: 2560px) 100vw, 2560px\" \/>\t\t\t\t\t\t\t\t\t\t\t\t\t\t\t<\/div>\n\t\t\t\t<\/div>\n\t\t\t\t<div class=\"elementor-element elementor-element-72ce86c elementor-align-center elementor-mobile-align-center elementor-widget elementor-widget-button\" data-id=\"72ce86c\" data-element_type=\"widget\" data-e-type=\"widget\" data-widget_type=\"button.default\">\n\t\t\t\t<div class=\"elementor-widget-container\">\n\t\t\t\t\t\t\t\t\t<div class=\"elementor-button-wrapper\">\n\t\t\t\t\t<a class=\"elementor-button elementor-button-link elementor-size-sm\" href=\"https:\/\/wa.me\/55519989046976\">\n\t\t\t\t\t\t<span class=\"elementor-button-content-wrapper\">\n\t\t\t\t\t\t\t\t\t<span class=\"elementor-button-text\">AGENDAR MINHA AVALIA\u00c7\u00c3O<\/span>\n\t\t\t\t\t<\/span>\n\t\t\t\t\t<\/a>\n\t\t\t\t<\/div>\n\t\t\t\t\t\t\t\t<\/div>\n\t\t\t\t<\/div>\n\t\t\t\t<div class=\"elementor-element elementor-element-b4389cd elementor-widget elementor-widget-image\" data-id=\"b4389cd\" data-element_type=\"widget\" data-e-type=\"widget\" data-widget_type=\"image.default\">\n\t\t\t\t<div class=\"elementor-widget-container\">\n\t\t\t\t\t\t\t\t\t\t\t\t\t\t\t<img decoding=\"async\" width=\"2560\" height=\"1429\" src=\"https:\/\/imovesports.com.br\/wp-content\/uploads\/2026\/02\/Generated-Image-February-21-2026-4_05PM-scaled.jpeg\" class=\"attachment-full size-full wp-image-375\" alt=\"\" srcset=\"https:\/\/imovesports.com.br\/wp-content\/uploads\/2026\/02\/Generated-Image-February-21-2026-4_05PM-scaled.jpeg 2560w, https:\/\/imovesports.com.br\/wp-content\/uploads\/2026\/02\/Generated-Image-February-21-2026-4_05PM-300x167.jpeg 300w, https:\/\/imovesports.com.br\/wp-content\/uploads\/2026\/02\/Generated-Image-February-21-2026-4_05PM-1024x572.jpeg 1024w, https:\/\/imovesports.com.br\/wp-content\/uploads\/2026\/02\/Generated-Image-February-21-2026-4_05PM-768x429.jpeg 768w, https:\/\/imovesports.com.br\/wp-content\/uploads\/2026\/02\/Generated-Image-February-21-2026-4_05PM-1536x857.jpeg 1536w, https:\/\/imovesports.com.br\/wp-content\/uploads\/2026\/02\/Generated-Image-February-21-2026-4_05PM-2048x1143.jpeg 2048w\" sizes=\"(max-width: 2560px) 100vw, 2560px\" \/>\t\t\t\t\t\t\t\t\t\t\t\t\t\t\t<\/div>\n\t\t\t\t<\/div>\n\t\t\t\t<div class=\"elementor-element elementor-element-a4fff6f elementor-widget elementor-widget-image\" data-id=\"a4fff6f\" data-element_type=\"widget\" data-e-type=\"widget\" data-widget_type=\"image.default\">\n\t\t\t\t<div class=\"elementor-widget-container\">\n\t\t\t\t\t\t\t\t\t\t\t\t\t\t\t<img loading=\"lazy\" decoding=\"async\" width=\"2560\" height=\"1429\" src=\"https:\/\/imovesports.com.br\/wp-content\/uploads\/2026\/02\/Generated-Image-February-21-2026-4_06PM-scaled.jpeg\" class=\"attachment-full size-full wp-image-376\" alt=\"\" srcset=\"https:\/\/imovesports.com.br\/wp-content\/uploads\/2026\/02\/Generated-Image-February-21-2026-4_06PM-scaled.jpeg 2560w, https:\/\/imovesports.com.br\/wp-content\/uploads\/2026\/02\/Generated-Image-February-21-2026-4_06PM-300x167.jpeg 300w, https:\/\/imovesports.com.br\/wp-content\/uploads\/2026\/02\/Generated-Image-February-21-2026-4_06PM-1024x572.jpeg 1024w, https:\/\/imovesports.com.br\/wp-content\/uploads\/2026\/02\/Generated-Image-February-21-2026-4_06PM-768x429.jpeg 768w, https:\/\/imovesports.com.br\/wp-content\/uploads\/2026\/02\/Generated-Image-February-21-2026-4_06PM-1536x857.jpeg 1536w, https:\/\/imovesports.com.br\/wp-content\/uploads\/2026\/02\/Generated-Image-February-21-2026-4_06PM-2048x1143.jpeg 2048w\" sizes=\"(max-width: 2560px) 100vw, 2560px\" \/>\t\t\t\t\t\t\t\t\t\t\t\t\t\t\t<\/div>\n\t\t\t\t<\/div>\n\t\t\t\t<div class=\"elementor-element elementor-element-3dde145 elementor-align-center elementor-mobile-align-center elementor-widget elementor-widget-button\" data-id=\"3dde145\" data-element_type=\"widget\" data-e-type=\"widget\" data-widget_type=\"button.default\">\n\t\t\t\t<div class=\"elementor-widget-container\">\n\t\t\t\t\t\t\t\t\t<div class=\"elementor-button-wrapper\">\n\t\t\t\t\t<a class=\"elementor-button elementor-button-link elementor-size-sm\" href=\"https:\/\/wa.me\/55519989046976\">\n\t\t\t\t\t\t<span class=\"elementor-button-content-wrapper\">\n\t\t\t\t\t\t\t\t\t<span class=\"elementor-button-text\">AGENDAR MINHA AVALIA\u00c7\u00c3O<\/span>\n\t\t\t\t\t<\/span>\n\t\t\t\t\t<\/a>\n\t\t\t\t<\/div>\n\t\t\t\t\t\t\t\t<\/div>\n\t\t\t\t<\/div>\n\t\t\t\t<div class=\"elementor-element elementor-element-b7c3f71 elementor-widget elementor-widget-image\" data-id=\"b7c3f71\" data-element_type=\"widget\" data-e-type=\"widget\" data-widget_type=\"image.default\">\n\t\t\t\t<div class=\"elementor-widget-container\">\n\t\t\t\t\t\t\t\t\t\t\t\t\t\t\t<img loading=\"lazy\" decoding=\"async\" width=\"2560\" height=\"1429\" src=\"https:\/\/imovesports.com.br\/wp-content\/uploads\/2026\/02\/Generated-Image-February-21-2026-3_47PM-scaled.jpeg\" class=\"attachment-full size-full wp-image-366\" alt=\"\" srcset=\"https:\/\/imovesports.com.br\/wp-content\/uploads\/2026\/02\/Generated-Image-February-21-2026-3_47PM-scaled.jpeg 2560w, https:\/\/imovesports.com.br\/wp-content\/uploads\/2026\/02\/Generated-Image-February-21-2026-3_47PM-300x167.jpeg 300w, https:\/\/imovesports.com.br\/wp-content\/uploads\/2026\/02\/Generated-Image-February-21-2026-3_47PM-1024x572.jpeg 1024w, https:\/\/imovesports.com.br\/wp-content\/uploads\/2026\/02\/Generated-Image-February-21-2026-3_47PM-768x429.jpeg 768w, https:\/\/imovesports.com.br\/wp-content\/uploads\/2026\/02\/Generated-Image-February-21-2026-3_47PM-1536x857.jpeg 1536w, https:\/\/imovesports.com.br\/wp-content\/uploads\/2026\/02\/Generated-Image-February-21-2026-3_47PM-2048x1143.jpeg 2048w\" sizes=\"(max-width: 2560px) 100vw, 2560px\" \/>\t\t\t\t\t\t\t\t\t\t\t\t\t\t\t<\/div>\n\t\t\t\t<\/div>\n\t\t\t\t\t<\/div>\n\t\t<\/div>\n\t\t\t\t\t<\/div>\n\t\t<\/section>\n\t\t\t\t<section class=\"elementor-section elementor-top-section elementor-element elementor-element-4af80cb elementor-section-boxed elementor-section-height-default elementor-section-height-default\" data-id=\"4af80cb\" data-element_type=\"section\" data-e-type=\"section\">\n\t\t\t\t\t\t<div class=\"elementor-container elementor-column-gap-default\">\n\t\t\t\t\t<div class=\"elementor-column elementor-col-100 elementor-top-column elementor-element elementor-element-1107d38\" data-id=\"1107d38\" data-element_type=\"column\" data-e-type=\"column\">\n\t\t\t<div class=\"elementor-widget-wrap elementor-element-populated\">\n\t\t\t\t\t\t<div class=\"elementor-element elementor-element-b46e2f3 elementor-widget elementor-widget-image\" data-id=\"b46e2f3\" data-element_type=\"widget\" data-e-type=\"widget\" data-widget_type=\"image.default\">\n\t\t\t\t<div class=\"elementor-widget-container\">\n\t\t\t\t\t\t\t\t\t\t\t\t\t\t\t<img loading=\"lazy\" decoding=\"async\" width=\"2560\" height=\"1429\" src=\"https:\/\/imovesports.com.br\/wp-content\/uploads\/2026\/02\/Generated-Image-February-21-2026-3_55PM-scaled.jpeg\" class=\"attachment-full size-full wp-image-372\" alt=\"\" srcset=\"https:\/\/imovesports.com.br\/wp-content\/uploads\/2026\/02\/Generated-Image-February-21-2026-3_55PM-scaled.jpeg 2560w, https:\/\/imovesports.com.br\/wp-content\/uploads\/2026\/02\/Generated-Image-February-21-2026-3_55PM-300x167.jpeg 300w, https:\/\/imovesports.com.br\/wp-content\/uploads\/2026\/02\/Generated-Image-February-21-2026-3_55PM-1024x572.jpeg 1024w, https:\/\/imovesports.com.br\/wp-content\/uploads\/2026\/02\/Generated-Image-February-21-2026-3_55PM-768x429.jpeg 768w, https:\/\/imovesports.com.br\/wp-content\/uploads\/2026\/02\/Generated-Image-February-21-2026-3_55PM-1536x857.jpeg 1536w, https:\/\/imovesports.com.br\/wp-content\/uploads\/2026\/02\/Generated-Image-February-21-2026-3_55PM-2048x1143.jpeg 2048w\" sizes=\"(max-width: 2560px) 100vw, 2560px\" \/>\t\t\t\t\t\t\t\t\t\t\t\t\t\t\t<\/div>\n\t\t\t\t<\/div>\n\t\t\t\t<div class=\"elementor-element elementor-element-394cb88 elementor-align-center elementor-mobile-align-center elementor-widget elementor-widget-button\" data-id=\"394cb88\" data-element_type=\"widget\" data-e-type=\"widget\" data-widget_type=\"button.default\">\n\t\t\t\t<div class=\"elementor-widget-container\">\n\t\t\t\t\t\t\t\t\t<div class=\"elementor-button-wrapper\">\n\t\t\t\t\t<a class=\"elementor-button elementor-button-link elementor-size-sm\" href=\"https:\/\/wa.me\/55519989046976\">\n\t\t\t\t\t\t<span class=\"elementor-button-content-wrapper\">\n\t\t\t\t\t\t\t\t\t<span class=\"elementor-button-text\">AGENDAR MINHA AVALIA\u00c7\u00c3O<\/span>\n\t\t\t\t\t<\/span>\n\t\t\t\t\t<\/a>\n\t\t\t\t<\/div>\n\t\t\t\t\t\t\t\t<\/div>\n\t\t\t\t<\/div>\n\t\t\t\t<div class=\"elementor-element elementor-element-54f356b elementor-widget elementor-widget-image\" data-id=\"54f356b\" data-element_type=\"widget\" data-e-type=\"widget\" data-widget_type=\"image.default\">\n\t\t\t\t<div class=\"elementor-widget-container\">\n\t\t\t\t\t\t\t\t\t\t\t\t\t\t\t<img loading=\"lazy\" decoding=\"async\" width=\"2560\" height=\"1429\" src=\"https:\/\/imovesports.com.br\/wp-content\/uploads\/2026\/02\/Generated-Image-February-21-2026-4_00PM-scaled.jpeg\" class=\"attachment-full size-full wp-image-373\" alt=\"\" srcset=\"https:\/\/imovesports.com.br\/wp-content\/uploads\/2026\/02\/Generated-Image-February-21-2026-4_00PM-scaled.jpeg 2560w, https:\/\/imovesports.com.br\/wp-content\/uploads\/2026\/02\/Generated-Image-February-21-2026-4_00PM-300x167.jpeg 300w, https:\/\/imovesports.com.br\/wp-content\/uploads\/2026\/02\/Generated-Image-February-21-2026-4_00PM-1024x572.jpeg 1024w, https:\/\/imovesports.com.br\/wp-content\/uploads\/2026\/02\/Generated-Image-February-21-2026-4_00PM-768x429.jpeg 768w, https:\/\/imovesports.com.br\/wp-content\/uploads\/2026\/02\/Generated-Image-February-21-2026-4_00PM-1536x857.jpeg 1536w, https:\/\/imovesports.com.br\/wp-content\/uploads\/2026\/02\/Generated-Image-February-21-2026-4_00PM-2048x1143.jpeg 2048w\" sizes=\"(max-width: 2560px) 100vw, 2560px\" \/>\t\t\t\t\t\t\t\t\t\t\t\t\t\t\t<\/div>\n\t\t\t\t<\/div>\n\t\t\t\t<div class=\"elementor-element elementor-element-7837e21 elementor-widget elementor-widget-image\" data-id=\"7837e21\" data-element_type=\"widget\" data-e-type=\"widget\" data-widget_type=\"image.default\">\n\t\t\t\t<div class=\"elementor-widget-container\">\n\t\t\t\t\t\t\t\t\t\t\t\t\t\t\t<img loading=\"lazy\" decoding=\"async\" width=\"2560\" height=\"1429\" src=\"https:\/\/imovesports.com.br\/wp-content\/uploads\/2026\/02\/Generated-Image-February-21-2026-4_02PM-scaled.jpeg\" class=\"attachment-full size-full wp-image-374\" alt=\"\" srcset=\"https:\/\/imovesports.com.br\/wp-content\/uploads\/2026\/02\/Generated-Image-February-21-2026-4_02PM-scaled.jpeg 2560w, https:\/\/imovesports.com.br\/wp-content\/uploads\/2026\/02\/Generated-Image-February-21-2026-4_02PM-300x167.jpeg 300w, https:\/\/imovesports.com.br\/wp-content\/uploads\/2026\/02\/Generated-Image-February-21-2026-4_02PM-1024x572.jpeg 1024w, https:\/\/imovesports.com.br\/wp-content\/uploads\/2026\/02\/Generated-Image-February-21-2026-4_02PM-768x429.jpeg 768w, https:\/\/imovesports.com.br\/wp-content\/uploads\/2026\/02\/Generated-Image-February-21-2026-4_02PM-1536x857.jpeg 1536w, https:\/\/imovesports.com.br\/wp-content\/uploads\/2026\/02\/Generated-Image-February-21-2026-4_02PM-2048x1143.jpeg 2048w\" sizes=\"(max-width: 2560px) 100vw, 2560px\" \/>\t\t\t\t\t\t\t\t\t\t\t\t\t\t\t<\/div>\n\t\t\t\t<\/div>\n\t\t\t\t<div class=\"elementor-element elementor-element-f25fcb9 elementor-align-center elementor-mobile-align-center elementor-widget elementor-widget-button\" data-id=\"f25fcb9\" data-element_type=\"widget\" data-e-type=\"widget\" data-widget_type=\"button.default\">\n\t\t\t\t<div class=\"elementor-widget-container\">\n\t\t\t\t\t\t\t\t\t<div class=\"elementor-button-wrapper\">\n\t\t\t\t\t<a class=\"elementor-button elementor-button-link elementor-size-sm\" href=\"https:\/\/wa.me\/55519989046976\">\n\t\t\t\t\t\t<span class=\"elementor-button-content-wrapper\">\n\t\t\t\t\t\t\t\t\t<span class=\"elementor-button-text\">AGENDAR MINHA AVALIA\u00c7\u00c3O<\/span>\n\t\t\t\t\t<\/span>\n\t\t\t\t\t<\/a>\n\t\t\t\t<\/div>\n\t\t\t\t\t\t\t\t<\/div>\n\t\t\t\t<\/div>\n\t\t\t\t\t<\/div>\n\t\t<\/div>\n\t\t\t\t\t<\/div>\n\t\t<\/section>\n\t\t\t\t<\/div>\n\t\t","protected":false},"excerpt":{"rendered":"<p>Avalia\u00e7\u00e3o PRO RUNNER 360\u00ba O QUE \u00c9 MEDIDO, PODEMOS MELHORAR! https:\/\/youtu.be\/z-pCkW1d_dM AGENDAR MINHA AVALIA\u00c7\u00c3O AGENDAR MINHA AVALIA\u00c7\u00c3O AGENDAR MINHA AVALIA\u00c7\u00c3O AGENDAR MINHA AVALIA\u00c7\u00c3O AGENDAR MINHA AVALIA\u00c7\u00c3O<\/p>\n","protected":false},"author":1,"featured_media":0,"parent":0,"menu_order":0,"comment_status":"closed","ping_status":"closed","template":"elementor_canvas","meta":{"footnotes":""},"class_list":["post-362","page","type-page","status-publish","hentry"],"_links":{"self":[{"href":"https:\/\/imovesports.com.br\/index.php\/wp-json\/wp\/v2\/pages\/362","targetHints":{"allow":["GET"]}}],"collection":[{"href":"https:\/\/imovesports.com.br\/index.php\/wp-json\/wp\/v2\/pages"}],"about":[{"href":"https:\/\/imovesports.com.br\/index.php\/wp-json\/wp\/v2\/types\/page"}],"author":[{"embeddable":true,"href":"https:\/\/imovesports.com.br\/index.php\/wp-json\/wp\/v2\/users\/1"}],"replies":[{"embeddable":true,"href":"https:\/\/imovesports.com.br\/index.php\/wp-json\/wp\/v2\/comments?post=362"}],"version-history":[{"count":11,"href":"https:\/\/imovesports.com.br\/index.php\/wp-json\/wp\/v2\/pages\/362\/revisions"}],"predecessor-version":[{"id":383,"href":"https:\/\/imovesports.com.br\/index.php\/wp-json\/wp\/v2\/pages\/362\/revisions\/383"}],"wp:attachment":[{"href":"https:\/\/imovesports.com.br\/index.php\/wp-json\/wp\/v2\/media?parent=362"}],"curies":[{"name":"wp","href":"https:\/\/api.w.org\/{rel}","templated":true}]}}